{"id":1302,"date":"2025-06-25T23:37:02","date_gmt":"2025-06-25T21:37:02","guid":{"rendered":"https:\/\/chateaudeberthenonville.fr\/?page_id=1302"},"modified":"2025-06-25T23:45:39","modified_gmt":"2025-06-25T21:45:39","slug":"visite-exposition","status":"publish","type":"page","link":"https:\/\/chateaudeberthenonville.fr\/index.php\/visite-exposition\/","title":{"rendered":"Visite exposition"},"content":{"rendered":"\t\t<div data-elementor-type=\"wp-page\" data-elementor-id=\"1302\" class=\"elementor elementor-1302\">\n\t\t\t\t<div class=\"elementor-element elementor-element-762d5de e-flex e-con-boxed e-con e-parent\" data-id=\"762d5de\" data-element_type=\"container\" data-e-type=\"container\">\n\t\t\t\t\t<div class=\"e-con-inner\">\n\t\t\t\t<div class=\"elementor-element elementor-element-af94135 elementor-widget elementor-widget-heading\" data-id=\"af94135\" data-element_type=\"widget\" data-e-type=\"widget\" data-widget_type=\"heading.default\">\n\t\t\t\t<div class=\"elementor-widget-container\">\n\t\t\t\t\t<h2 class=\"elementor-heading-title elementor-size-default\">Exposition permanente<\/h2>\t\t\t\t<\/div>\n\t\t\t\t<\/div>\n\t\t\t\t\t<\/div>\n\t\t\t\t<\/div>\n\t\t<div class=\"elementor-element elementor-element-d2006f1 e-flex e-con-boxed e-con e-parent\" data-id=\"d2006f1\" data-element_type=\"container\" data-e-type=\"container\">\n\t\t\t\t\t<div class=\"e-con-inner\">\n\t\t\t\t<div class=\"elementor-element elementor-element-b870261 elementor-widget elementor-widget-text-editor\" data-id=\"b870261\" data-element_type=\"widget\" data-e-type=\"widget\" data-widget_type=\"text-editor.default\">\n\t\t\t\t<div class=\"elementor-widget-container\">\n\t\t\t\t\t\t\t\t\t<p><strong>Nicole Marti-Decroos<br \/>Ma\u00eetre Verrier<\/strong><\/p><p>\u00a0<\/p><p>Apr\u00e8s avoir appris les diff\u00e9rentes techniques de cr\u00e9ation et de restauration de vitraux, je me suis sp\u00e9cialis\u00e9e dans la cr\u00e9ation d\u2019\u0153uvres contemporaines, les All\u00e9gories.<br \/>Toutes mes \u0153uvres sont des cr\u00e9ations originales.<br \/>L\u2019assemblage des pi\u00e8ces d\u00e9coup\u00e9es associ\u00e9 \u00e0 l\u2019utilisation de verres de grande qualit\u00e9 provenant des plus belles fabriques du monde entier en font des pi\u00e8ces uniques.<br \/>Les supports, \u00e9galement des cr\u00e9ations personnelles, sont en m\u00e9tal ou en bronze, d\u2019abord r\u00e9alis\u00e9s en terre cuite, ils sont ensuite coul\u00e9s dans une fonderie d\u2019art.<\/p><p>J\u2019ai eu la chance d\u2019exposer dans plusieurs endroits prestigieux.\u00a0<\/p><p>N\u2019h\u00e9sitez pas \u00e0 me contacter pour toute demande particuli\u00e8re ou pour visiter mon atelier.<\/p>\t\t\t\t\t\t\t\t<\/div>\n\t\t\t\t<\/div>\n\t\t\t\t\t<\/div>\n\t\t\t\t<\/div>\n\t\t\t\t<\/div>\n\t\t","protected":false},"excerpt":{"rendered":"<p>Exposition permanente Nicole Marti-DecroosMa\u00eetre Verrier \u00a0 Apr\u00e8s avoir appris les diff\u00e9rentes techniques de cr\u00e9ation et de restauration de vitraux, je me suis sp\u00e9cialis\u00e9e dans la cr\u00e9ation d\u2019\u0153uvres contemporaines, les All\u00e9gories.Toutes mes \u0153uvres sont des cr\u00e9ations originales.L\u2019assemblage des pi\u00e8ces d\u00e9coup\u00e9es associ\u00e9 \u00e0 l\u2019utilisation de verres de grande qualit\u00e9 provenant des plus belles fabriques du monde entier &hellip; <\/p>\n<p class=\"link-more\"><a href=\"https:\/\/chateaudeberthenonville.fr\/index.php\/visite-exposition\/\" class=\"more-link\">Continuer la lecture<span class=\"screen-reader-text\"> de &laquo;&nbsp;Visite exposition&nbsp;&raquo;<\/span><\/a><\/p>\n","protected":false},"author":1,"featured_media":0,"parent":0,"menu_order":0,"comment_status":"closed","ping_status":"closed","template":"","meta":{"footnotes":""},"class_list":["post-1302","page","type-page","status-publish","hentry"],"yoast_head":"<!-- This site is optimized with the Yoast SEO plugin v27.3 - https:\/\/yoast.com\/product\/yoast-seo-wordpress\/ -->\n<title>Visite exposition | Ch\u00e2teau de Berthenonville<\/title>\n<meta name=\"robots\" content=\"index, follow, max-snippet:-1, max-image-preview:large, max-video-preview:-1\" \/>\n<link rel=\"canonical\" href=\"https:\/\/chateaudeberthenonville.fr\/index.php\/visite-exposition\/\" \/>\n<meta property=\"og:locale\" content=\"fr_FR\" \/>\n<meta property=\"og:type\" content=\"article\" \/>\n<meta property=\"og:title\" content=\"Visite exposition | Ch\u00e2teau de Berthenonville\" \/>\n<meta property=\"og:description\" content=\"Exposition permanente Nicole Marti-DecroosMa\u00eetre Verrier \u00a0 Apr\u00e8s avoir appris les diff\u00e9rentes techniques de cr\u00e9ation et de restauration de vitraux, je me suis sp\u00e9cialis\u00e9e dans la cr\u00e9ation d\u2019\u0153uvres contemporaines, les All\u00e9gories.Toutes mes \u0153uvres sont des cr\u00e9ations originales.L\u2019assemblage des pi\u00e8ces d\u00e9coup\u00e9es associ\u00e9 \u00e0 l\u2019utilisation de verres de grande qualit\u00e9 provenant des plus belles fabriques du monde entier &hellip; Continuer la lecture de &laquo;&nbsp;Visite exposition&nbsp;&raquo;\" \/>\n<meta property=\"og:url\" content=\"https:\/\/chateaudeberthenonville.fr\/index.php\/visite-exposition\/\" \/>\n<meta property=\"og:site_name\" content=\"Ch\u00e2teau de Berthenonville\" \/>\n<meta property=\"article:publisher\" content=\"https:\/\/www.facebook.com\/Ch%c3%a2teau-de-Berthenonville-102554428497239\/\" \/>\n<meta property=\"article:modified_time\" content=\"2025-06-25T21:45:39+00:00\" \/>\n<meta property=\"og:image\" content=\"https:\/\/chateaudeberthenonville.fr\/wp-content\/uploads\/2023\/04\/cropped-ChateaudeBerthenonville-Seminaire-01-web-1.jpg\" \/>\n\t<meta property=\"og:image:width\" content=\"2000\" \/>\n\t<meta property=\"og:image:height\" content=\"870\" \/>\n\t<meta property=\"og:image:type\" content=\"image\/jpeg\" \/>\n<script type=\"application\/ld+json\" class=\"yoast-schema-graph\">{\"@context\":\"https:\\\/\\\/schema.org\",\"@graph\":[{\"@type\":\"WebPage\",\"@id\":\"https:\\\/\\\/chateaudeberthenonville.fr\\\/index.php\\\/visite-exposition\\\/\",\"url\":\"https:\\\/\\\/chateaudeberthenonville.fr\\\/index.php\\\/visite-exposition\\\/\",\"name\":\"Visite exposition | Ch\u00e2teau de Berthenonville\",\"isPartOf\":{\"@id\":\"https:\\\/\\\/chateaudeberthenonville.fr\\\/#website\"},\"datePublished\":\"2025-06-25T21:37:02+00:00\",\"dateModified\":\"2025-06-25T21:45:39+00:00\",\"breadcrumb\":{\"@id\":\"https:\\\/\\\/chateaudeberthenonville.fr\\\/index.php\\\/visite-exposition\\\/#breadcrumb\"},\"inLanguage\":\"fr-FR\",\"potentialAction\":[{\"@type\":\"ReadAction\",\"target\":[\"https:\\\/\\\/chateaudeberthenonville.fr\\\/index.php\\\/visite-exposition\\\/\"]}]},{\"@type\":\"BreadcrumbList\",\"@id\":\"https:\\\/\\\/chateaudeberthenonville.fr\\\/index.php\\\/visite-exposition\\\/#breadcrumb\",\"itemListElement\":[{\"@type\":\"ListItem\",\"position\":1,\"name\":\"Accueil\",\"item\":\"https:\\\/\\\/chateaudeberthenonville.fr\\\/\"},{\"@type\":\"ListItem\",\"position\":2,\"name\":\"Visite exposition\"}]},{\"@type\":\"WebSite\",\"@id\":\"https:\\\/\\\/chateaudeberthenonville.fr\\\/#website\",\"url\":\"https:\\\/\\\/chateaudeberthenonville.fr\\\/\",\"name\":\"Ch\u00e2teau de Berthenonville\",\"description\":\"Une demeure familiale en Normandie\",\"publisher\":{\"@id\":\"https:\\\/\\\/chateaudeberthenonville.fr\\\/#organization\"},\"potentialAction\":[{\"@type\":\"SearchAction\",\"target\":{\"@type\":\"EntryPoint\",\"urlTemplate\":\"https:\\\/\\\/chateaudeberthenonville.fr\\\/?s={search_term_string}\"},\"query-input\":{\"@type\":\"PropertyValueSpecification\",\"valueRequired\":true,\"valueName\":\"search_term_string\"}}],\"inLanguage\":\"fr-FR\"},{\"@type\":\"Organization\",\"@id\":\"https:\\\/\\\/chateaudeberthenonville.fr\\\/#organization\",\"name\":\"Ch\u00e2teau de Berthenonville\",\"url\":\"https:\\\/\\\/chateaudeberthenonville.fr\\\/\",\"logo\":{\"@type\":\"ImageObject\",\"inLanguage\":\"fr-FR\",\"@id\":\"https:\\\/\\\/chateaudeberthenonville.fr\\\/#\\\/schema\\\/logo\\\/image\\\/\",\"url\":\"https:\\\/\\\/chateaudeberthenonville.fr\\\/wp-content\\\/uploads\\\/2025\\\/06\\\/cropped-chateau-de-b-logo-1.png\",\"contentUrl\":\"https:\\\/\\\/chateaudeberthenonville.fr\\\/wp-content\\\/uploads\\\/2025\\\/06\\\/cropped-chateau-de-b-logo-1.png\",\"width\":512,\"height\":512,\"caption\":\"Ch\u00e2teau de Berthenonville\"},\"image\":{\"@id\":\"https:\\\/\\\/chateaudeberthenonville.fr\\\/#\\\/schema\\\/logo\\\/image\\\/\"},\"sameAs\":[\"https:\\\/\\\/www.facebook.com\\\/Ch\u00e2teau-de-Berthenonville-102554428497239\\\/\",\"https:\\\/\\\/www.instagram.com\\\/chateau_de_berthenonville_\\\/\"]}]}<\/script>\n<!-- \/ Yoast SEO plugin. -->","yoast_head_json":{"title":"Visite exposition | Ch\u00e2teau de Berthenonville","robots":{"index":"index","follow":"follow","max-snippet":"max-snippet:-1","max-image-preview":"max-image-preview:large","max-video-preview":"max-video-preview:-1"},"canonical":"https:\/\/chateaudeberthenonville.fr\/index.php\/visite-exposition\/","og_locale":"fr_FR","og_type":"article","og_title":"Visite exposition | Ch\u00e2teau de Berthenonville","og_description":"Exposition permanente Nicole Marti-DecroosMa\u00eetre Verrier \u00a0 Apr\u00e8s avoir appris les diff\u00e9rentes techniques de cr\u00e9ation et de restauration de vitraux, je me suis sp\u00e9cialis\u00e9e dans la cr\u00e9ation d\u2019\u0153uvres contemporaines, les All\u00e9gories.Toutes mes \u0153uvres sont des cr\u00e9ations originales.L\u2019assemblage des pi\u00e8ces d\u00e9coup\u00e9es associ\u00e9 \u00e0 l\u2019utilisation de verres de grande qualit\u00e9 provenant des plus belles fabriques du monde entier &hellip; Continuer la lecture de &laquo;&nbsp;Visite exposition&nbsp;&raquo;","og_url":"https:\/\/chateaudeberthenonville.fr\/index.php\/visite-exposition\/","og_site_name":"Ch\u00e2teau de Berthenonville","article_publisher":"https:\/\/www.facebook.com\/Ch%c3%a2teau-de-Berthenonville-102554428497239\/","article_modified_time":"2025-06-25T21:45:39+00:00","og_image":[{"width":2000,"height":870,"url":"https:\/\/chateaudeberthenonville.fr\/wp-content\/uploads\/2023\/04\/cropped-ChateaudeBerthenonville-Seminaire-01-web-1.jpg","type":"image\/jpeg"}],"schema":{"@context":"https:\/\/schema.org","@graph":[{"@type":"WebPage","@id":"https:\/\/chateaudeberthenonville.fr\/index.php\/visite-exposition\/","url":"https:\/\/chateaudeberthenonville.fr\/index.php\/visite-exposition\/","name":"Visite exposition | Ch\u00e2teau de Berthenonville","isPartOf":{"@id":"https:\/\/chateaudeberthenonville.fr\/#website"},"datePublished":"2025-06-25T21:37:02+00:00","dateModified":"2025-06-25T21:45:39+00:00","breadcrumb":{"@id":"https:\/\/chateaudeberthenonville.fr\/index.php\/visite-exposition\/#breadcrumb"},"inLanguage":"fr-FR","potentialAction":[{"@type":"ReadAction","target":["https:\/\/chateaudeberthenonville.fr\/index.php\/visite-exposition\/"]}]},{"@type":"BreadcrumbList","@id":"https:\/\/chateaudeberthenonville.fr\/index.php\/visite-exposition\/#breadcrumb","itemListElement":[{"@type":"ListItem","position":1,"name":"Accueil","item":"https:\/\/chateaudeberthenonville.fr\/"},{"@type":"ListItem","position":2,"name":"Visite exposition"}]},{"@type":"WebSite","@id":"https:\/\/chateaudeberthenonville.fr\/#website","url":"https:\/\/chateaudeberthenonville.fr\/","name":"Ch\u00e2teau de Berthenonville","description":"Une demeure familiale en Normandie","publisher":{"@id":"https:\/\/chateaudeberthenonville.fr\/#organization"},"potentialAction":[{"@type":"SearchAction","target":{"@type":"EntryPoint","urlTemplate":"https:\/\/chateaudeberthenonville.fr\/?s={search_term_string}"},"query-input":{"@type":"PropertyValueSpecification","valueRequired":true,"valueName":"search_term_string"}}],"inLanguage":"fr-FR"},{"@type":"Organization","@id":"https:\/\/chateaudeberthenonville.fr\/#organization","name":"Ch\u00e2teau de Berthenonville","url":"https:\/\/chateaudeberthenonville.fr\/","logo":{"@type":"ImageObject","inLanguage":"fr-FR","@id":"https:\/\/chateaudeberthenonville.fr\/#\/schema\/logo\/image\/","url":"https:\/\/chateaudeberthenonville.fr\/wp-content\/uploads\/2025\/06\/cropped-chateau-de-b-logo-1.png","contentUrl":"https:\/\/chateaudeberthenonville.fr\/wp-content\/uploads\/2025\/06\/cropped-chateau-de-b-logo-1.png","width":512,"height":512,"caption":"Ch\u00e2teau de Berthenonville"},"image":{"@id":"https:\/\/chateaudeberthenonville.fr\/#\/schema\/logo\/image\/"},"sameAs":["https:\/\/www.facebook.com\/Ch\u00e2teau-de-Berthenonville-102554428497239\/","https:\/\/www.instagram.com\/chateau_de_berthenonville_\/"]}]}},"_links":{"self":[{"href":"https:\/\/chateaudeberthenonville.fr\/index.php\/wp-json\/wp\/v2\/pages\/1302","targetHints":{"allow":["GET"]}}],"collection":[{"href":"https:\/\/chateaudeberthenonville.fr\/index.php\/wp-json\/wp\/v2\/pages"}],"about":[{"href":"https:\/\/chateaudeberthenonville.fr\/index.php\/wp-json\/wp\/v2\/types\/page"}],"author":[{"embeddable":true,"href":"https:\/\/chateaudeberthenonville.fr\/index.php\/wp-json\/wp\/v2\/users\/1"}],"replies":[{"embeddable":true,"href":"https:\/\/chateaudeberthenonville.fr\/index.php\/wp-json\/wp\/v2\/comments?post=1302"}],"version-history":[{"count":9,"href":"https:\/\/chateaudeberthenonville.fr\/index.php\/wp-json\/wp\/v2\/pages\/1302\/revisions"}],"predecessor-version":[{"id":1311,"href":"https:\/\/chateaudeberthenonville.fr\/index.php\/wp-json\/wp\/v2\/pages\/1302\/revisions\/1311"}],"wp:attachment":[{"href":"https:\/\/chateaudeberthenonville.fr\/index.php\/wp-json\/wp\/v2\/media?parent=1302"}],"curies":[{"name":"wp","href":"https:\/\/api.w.org\/{rel}","templated":true}]}}