{"id":1322,"date":"2025-06-29T23:22:03","date_gmt":"2025-06-29T21:22:03","guid":{"rendered":"https:\/\/chateaudeberthenonville.fr\/?page_id=1322"},"modified":"2025-06-29T23:42:41","modified_gmt":"2025-06-29T21:42:41","slug":"activite-nouveau","status":"publish","type":"page","link":"https:\/\/chateaudeberthenonville.fr\/index.php\/activite-nouveau\/","title":{"rendered":"Activit\u00e9 (nouveau)"},"content":{"rendered":"\t\t<div data-elementor-type=\"wp-page\" data-elementor-id=\"1322\" class=\"elementor elementor-1322\">\n\t\t\t\t<div class=\"elementor-element elementor-element-ade88f6 e-flex e-con-boxed e-con e-parent\" data-id=\"ade88f6\" data-element_type=\"container\" data-e-type=\"container\">\n\t\t\t\t\t<div class=\"e-con-inner\">\n\t\t\t\t<div class=\"elementor-element elementor-element-9584ef8 elementor-widget elementor-widget-heading\" data-id=\"9584ef8\" data-element_type=\"widget\" data-e-type=\"widget\" data-widget_type=\"heading.default\">\n\t\t\t\t<div class=\"elementor-widget-container\">\n\t\t\t\t\t<h2 class=\"elementor-heading-title elementor-size-default\">R\u00e9servez un restaurant<\/h2>\t\t\t\t<\/div>\n\t\t\t\t<\/div>\n\t\t\t\t<div class=\"elementor-element elementor-element-441fde0 elementor-widget elementor-widget-text-editor\" data-id=\"441fde0\" data-element_type=\"widget\" data-e-type=\"widget\" data-widget_type=\"text-editor.default\">\n\t\t\t\t<div class=\"elementor-widget-container\">\n\t\t\t\t\t\t\t\t\t<p>\u00abAuberge du Prieure Normand\u00bb (<a href=\"http:\/\/www.aubergeduprieurenormand.fr\">www.aubergeduprieurenormand.fr<\/a>)<br \/>\u00abLa Zolioberge\u00bb (<a href=\"http:\/\/www.zolioberge.com\">www.zolioberge.com<\/a>)<\/p>\t\t\t\t\t\t\t\t<\/div>\n\t\t\t\t<\/div>\n\t\t\t\t<div class=\"elementor-element elementor-element-970d7cd elementor-widget elementor-widget-heading\" data-id=\"970d7cd\" data-element_type=\"widget\" data-e-type=\"widget\" data-widget_type=\"heading.default\">\n\t\t\t\t<div class=\"elementor-widget-container\">\n\t\t\t\t\t<h2 class=\"elementor-heading-title elementor-size-default\">Pratiquez un peu de sports<\/h2>\t\t\t\t<\/div>\n\t\t\t\t<\/div>\n\t\t\t\t<div class=\"elementor-element elementor-element-cd7a6c9 elementor-widget elementor-widget-text-editor\" data-id=\"cd7a6c9\" data-element_type=\"widget\" data-e-type=\"widget\" data-widget_type=\"text-editor.default\">\n\t\t\t\t<div class=\"elementor-widget-container\">\n\t\t\t\t\t\t\t\t\t<ul style=\"list-style-type: circle;\"><li><strong>V\u00e9lo<\/strong> : Mise \u00e0 disposition gratuitement pour une promenade le long de la voie verte vers Gisors (London \u2013 Paris) ou Giverny<\/li><li><strong>Marche\/Course \u00e0 pied<\/strong> :<br \/>(<a href=\"http:\/\/www.cirkwi.com\">www.cirkwi.com<\/a>)<\/li><li><strong>Nombreux golfs<\/strong> 18 trous \u00e0 proximit\u00e9 :<br \/>* Golf de Villarceaux (15 minutes)<br \/>* Golf Club de Maudetour-en-Vexin (20 minutes)<br \/>* Golf du Prieur\u00e9, Domaine de Montcient (30 minutes)<br \/>* Golf de Rebetz (30 minutes)<br \/>* Golf de Chaumont-en-Vexin (30 minutes)<br \/>* Golf des Templiers, Ivry-le-Temple (40 minutes)<br \/>* Golf des Boucles de Seine (40 minutes)<\/li><\/ul>\t\t\t\t\t\t\t\t<\/div>\n\t\t\t\t<\/div>\n\t\t\t\t<div class=\"elementor-element elementor-element-b5b348f elementor-widget elementor-widget-heading\" data-id=\"b5b348f\" data-element_type=\"widget\" data-e-type=\"widget\" data-widget_type=\"heading.default\">\n\t\t\t\t<div class=\"elementor-widget-container\">\n\t\t\t\t\t<h2 class=\"elementor-heading-title elementor-size-default\">Profitez du calme<\/h2>\t\t\t\t<\/div>\n\t\t\t\t<\/div>\n\t\t\t\t<div class=\"elementor-element elementor-element-4bff15b elementor-widget elementor-widget-text-editor\" data-id=\"4bff15b\" data-element_type=\"widget\" data-e-type=\"widget\" data-widget_type=\"text-editor.default\">\n\t\t\t\t<div class=\"elementor-widget-container\">\n\t\t\t\t\t\t\t\t\t<ul style=\"list-style-type: circle;\"><li>Promenade dans le parc<\/li><li>Lecture<\/li><li>Pratique du billard fran\u00e7ais<\/li><\/ul>\t\t\t\t\t\t\t\t<\/div>\n\t\t\t\t<\/div>\n\t\t\t\t<div class=\"elementor-element elementor-element-b4400f1 elementor-widget elementor-widget-heading\" data-id=\"b4400f1\" data-element_type=\"widget\" data-e-type=\"widget\" data-widget_type=\"heading.default\">\n\t\t\t\t<div class=\"elementor-widget-container\">\n\t\t\t\t\t<h2 class=\"elementor-heading-title elementor-size-default\">Visitez<\/h2>\t\t\t\t<\/div>\n\t\t\t\t<\/div>\n\t\t\t\t<div class=\"elementor-element elementor-element-9bba06e elementor-widget elementor-widget-text-editor\" data-id=\"9bba06e\" data-element_type=\"widget\" data-e-type=\"widget\" data-widget_type=\"text-editor.default\">\n\t\t\t\t<div class=\"elementor-widget-container\">\n\t\t\t\t\t\t\t\t\t<ul style=\"list-style-type: circle;\"><li>Les jardins de Claude Monet et les impressionnistes (Giverny)<\/li><li>Suivre Richard C\u0153ur de Lion (ch\u00e2teau Gaillard, la Roche-Guyon sur les bords de Seine, et Gisors)<\/li><li>D\u00e9couvrez la Normandie !<\/li><\/ul>\t\t\t\t\t\t\t\t<\/div>\n\t\t\t\t<\/div>\n\t\t\t\t<div class=\"elementor-element elementor-element-361a929 elementor-widget elementor-widget-heading\" data-id=\"361a929\" data-element_type=\"widget\" data-e-type=\"widget\" data-widget_type=\"heading.default\">\n\t\t\t\t<div class=\"elementor-widget-container\">\n\t\t\t\t\t<h2 class=\"elementor-heading-title elementor-size-default\">Restez plus longtemps au calme gr\u00e2ce au t\u00e9l\u00e9travail<\/h2>\t\t\t\t<\/div>\n\t\t\t\t<\/div>\n\t\t\t\t<div class=\"elementor-element elementor-element-e69adc9 elementor-widget elementor-widget-text-editor\" data-id=\"e69adc9\" data-element_type=\"widget\" data-e-type=\"widget\" data-widget_type=\"text-editor.default\">\n\t\t\t\t<div class=\"elementor-widget-container\">\n\t\t\t\t\t\t\t\t\t<ul style=\"list-style-type: circle;\"><li>Wifi disponible dans la chambre et les salons du ch\u00e2teau<\/li><\/ul>\t\t\t\t\t\t\t\t<\/div>\n\t\t\t\t<\/div>\n\t\t\t\t<div class=\"elementor-element elementor-element-9e9b2e9 elementor-widget elementor-widget-heading\" data-id=\"9e9b2e9\" data-element_type=\"widget\" data-e-type=\"widget\" data-widget_type=\"heading.default\">\n\t\t\t\t<div class=\"elementor-widget-container\">\n\t\t\t\t\t<h2 class=\"elementor-heading-title elementor-size-default\">Insolite<\/h2>\t\t\t\t<\/div>\n\t\t\t\t<\/div>\n\t\t\t\t<div class=\"elementor-element elementor-element-d2ae119 elementor-widget elementor-widget-text-editor\" data-id=\"d2ae119\" data-element_type=\"widget\" data-e-type=\"widget\" data-widget_type=\"text-editor.default\">\n\t\t\t\t<div class=\"elementor-widget-container\">\n\t\t\t\t\t\t\t\t\t<ul style=\"list-style-type: circle;\"><li>Exposition permanente dans le Grand Salon<br \/>(Nicole Marti Decross, ma\u00eetre verrier)<\/li><li>D\u00e9part en montgolfi\u00e8re depuis le ch\u00e2teau<\/li><\/ul>\t\t\t\t\t\t\t\t<\/div>\n\t\t\t\t<\/div>\n\t\t\t\t\t<\/div>\n\t\t\t\t<\/div>\n\t\t\t\t<\/div>\n\t\t","protected":false},"excerpt":{"rendered":"<p>R\u00e9servez un restaurant \u00abAuberge du Prieure Normand\u00bb (www.aubergeduprieurenormand.fr)\u00abLa Zolioberge\u00bb (www.zolioberge.com) Pratiquez un peu de sports V\u00e9lo : Mise \u00e0 disposition gratuitement pour une promenade le long de la voie verte vers Gisors (London \u2013 Paris) ou Giverny Marche\/Course \u00e0 pied :(www.cirkwi.com) Nombreux golfs 18 trous \u00e0 proximit\u00e9 :* Golf de Villarceaux (15 minutes)* Golf Club &hellip; <\/p>\n<p class=\"link-more\"><a href=\"https:\/\/chateaudeberthenonville.fr\/index.php\/activite-nouveau\/\" class=\"more-link\">Continuer la lecture<span class=\"screen-reader-text\"> de &laquo;&nbsp;Activit\u00e9 (nouveau)&nbsp;&raquo;<\/span><\/a><\/p>\n","protected":false},"author":1,"featured_media":0,"parent":0,"menu_order":0,"comment_status":"closed","ping_status":"closed","template":"","meta":{"footnotes":""},"class_list":["post-1322","page","type-page","status-publish","hentry"],"yoast_head":"<!-- This site is optimized with the Yoast SEO plugin v27.3 - https:\/\/yoast.com\/product\/yoast-seo-wordpress\/ -->\n<title>Activit\u00e9 (nouveau) | Ch\u00e2teau de Berthenonville<\/title>\n<meta name=\"robots\" content=\"index, follow, max-snippet:-1, max-image-preview:large, max-video-preview:-1\" \/>\n<link rel=\"canonical\" href=\"https:\/\/chateaudeberthenonville.fr\/index.php\/activite-nouveau\/\" \/>\n<meta property=\"og:locale\" content=\"fr_FR\" \/>\n<meta property=\"og:type\" content=\"article\" \/>\n<meta property=\"og:title\" content=\"Activit\u00e9 (nouveau) | Ch\u00e2teau de Berthenonville\" \/>\n<meta property=\"og:description\" content=\"R\u00e9servez un restaurant \u00abAuberge du Prieure Normand\u00bb (www.aubergeduprieurenormand.fr)\u00abLa Zolioberge\u00bb (www.zolioberge.com) Pratiquez un peu de sports V\u00e9lo : Mise \u00e0 disposition gratuitement pour une promenade le long de la voie verte vers Gisors (London \u2013 Paris) ou Giverny Marche\/Course \u00e0 pied :(www.cirkwi.com) Nombreux golfs 18 trous \u00e0 proximit\u00e9 :* Golf de Villarceaux (15 minutes)* Golf Club &hellip; Continuer la lecture de &laquo;&nbsp;Activit\u00e9 (nouveau)&nbsp;&raquo;\" \/>\n<meta property=\"og:url\" content=\"https:\/\/chateaudeberthenonville.fr\/index.php\/activite-nouveau\/\" \/>\n<meta property=\"og:site_name\" content=\"Ch\u00e2teau de Berthenonville\" \/>\n<meta property=\"article:publisher\" content=\"https:\/\/www.facebook.com\/Ch%c3%a2teau-de-Berthenonville-102554428497239\/\" \/>\n<meta property=\"article:modified_time\" content=\"2025-06-29T21:42:41+00:00\" \/>\n<meta property=\"og:image\" content=\"https:\/\/chateaudeberthenonville.fr\/wp-content\/uploads\/2023\/04\/cropped-ChateaudeBerthenonville-Seminaire-01-web-1.jpg\" \/>\n\t<meta property=\"og:image:width\" content=\"2000\" \/>\n\t<meta property=\"og:image:height\" content=\"870\" \/>\n\t<meta property=\"og:image:type\" content=\"image\/jpeg\" \/>\n<script type=\"application\/ld+json\" class=\"yoast-schema-graph\">{\"@context\":\"https:\\\/\\\/schema.org\",\"@graph\":[{\"@type\":\"WebPage\",\"@id\":\"https:\\\/\\\/chateaudeberthenonville.fr\\\/index.php\\\/activite-nouveau\\\/\",\"url\":\"https:\\\/\\\/chateaudeberthenonville.fr\\\/index.php\\\/activite-nouveau\\\/\",\"name\":\"Activit\u00e9 (nouveau) | Ch\u00e2teau de Berthenonville\",\"isPartOf\":{\"@id\":\"https:\\\/\\\/chateaudeberthenonville.fr\\\/#website\"},\"datePublished\":\"2025-06-29T21:22:03+00:00\",\"dateModified\":\"2025-06-29T21:42:41+00:00\",\"breadcrumb\":{\"@id\":\"https:\\\/\\\/chateaudeberthenonville.fr\\\/index.php\\\/activite-nouveau\\\/#breadcrumb\"},\"inLanguage\":\"fr-FR\",\"potentialAction\":[{\"@type\":\"ReadAction\",\"target\":[\"https:\\\/\\\/chateaudeberthenonville.fr\\\/index.php\\\/activite-nouveau\\\/\"]}]},{\"@type\":\"BreadcrumbList\",\"@id\":\"https:\\\/\\\/chateaudeberthenonville.fr\\\/index.php\\\/activite-nouveau\\\/#breadcrumb\",\"itemListElement\":[{\"@type\":\"ListItem\",\"position\":1,\"name\":\"Accueil\",\"item\":\"https:\\\/\\\/chateaudeberthenonville.fr\\\/\"},{\"@type\":\"ListItem\",\"position\":2,\"name\":\"Activit\u00e9 (nouveau)\"}]},{\"@type\":\"WebSite\",\"@id\":\"https:\\\/\\\/chateaudeberthenonville.fr\\\/#website\",\"url\":\"https:\\\/\\\/chateaudeberthenonville.fr\\\/\",\"name\":\"Ch\u00e2teau de Berthenonville\",\"description\":\"Une demeure familiale en Normandie\",\"publisher\":{\"@id\":\"https:\\\/\\\/chateaudeberthenonville.fr\\\/#organization\"},\"potentialAction\":[{\"@type\":\"SearchAction\",\"target\":{\"@type\":\"EntryPoint\",\"urlTemplate\":\"https:\\\/\\\/chateaudeberthenonville.fr\\\/?s={search_term_string}\"},\"query-input\":{\"@type\":\"PropertyValueSpecification\",\"valueRequired\":true,\"valueName\":\"search_term_string\"}}],\"inLanguage\":\"fr-FR\"},{\"@type\":\"Organization\",\"@id\":\"https:\\\/\\\/chateaudeberthenonville.fr\\\/#organization\",\"name\":\"Ch\u00e2teau de Berthenonville\",\"url\":\"https:\\\/\\\/chateaudeberthenonville.fr\\\/\",\"logo\":{\"@type\":\"ImageObject\",\"inLanguage\":\"fr-FR\",\"@id\":\"https:\\\/\\\/chateaudeberthenonville.fr\\\/#\\\/schema\\\/logo\\\/image\\\/\",\"url\":\"https:\\\/\\\/chateaudeberthenonville.fr\\\/wp-content\\\/uploads\\\/2025\\\/06\\\/cropped-chateau-de-b-logo-1.png\",\"contentUrl\":\"https:\\\/\\\/chateaudeberthenonville.fr\\\/wp-content\\\/uploads\\\/2025\\\/06\\\/cropped-chateau-de-b-logo-1.png\",\"width\":512,\"height\":512,\"caption\":\"Ch\u00e2teau de Berthenonville\"},\"image\":{\"@id\":\"https:\\\/\\\/chateaudeberthenonville.fr\\\/#\\\/schema\\\/logo\\\/image\\\/\"},\"sameAs\":[\"https:\\\/\\\/www.facebook.com\\\/Ch\u00e2teau-de-Berthenonville-102554428497239\\\/\",\"https:\\\/\\\/www.instagram.com\\\/chateau_de_berthenonville_\\\/\"]}]}<\/script>\n<!-- \/ Yoast SEO plugin. -->","yoast_head_json":{"title":"Activit\u00e9 (nouveau) | Ch\u00e2teau de Berthenonville","robots":{"index":"index","follow":"follow","max-snippet":"max-snippet:-1","max-image-preview":"max-image-preview:large","max-video-preview":"max-video-preview:-1"},"canonical":"https:\/\/chateaudeberthenonville.fr\/index.php\/activite-nouveau\/","og_locale":"fr_FR","og_type":"article","og_title":"Activit\u00e9 (nouveau) | Ch\u00e2teau de Berthenonville","og_description":"R\u00e9servez un restaurant \u00abAuberge du Prieure Normand\u00bb (www.aubergeduprieurenormand.fr)\u00abLa Zolioberge\u00bb (www.zolioberge.com) Pratiquez un peu de sports V\u00e9lo : Mise \u00e0 disposition gratuitement pour une promenade le long de la voie verte vers Gisors (London \u2013 Paris) ou Giverny Marche\/Course \u00e0 pied :(www.cirkwi.com) Nombreux golfs 18 trous \u00e0 proximit\u00e9 :* Golf de Villarceaux (15 minutes)* Golf Club &hellip; Continuer la lecture de &laquo;&nbsp;Activit\u00e9 (nouveau)&nbsp;&raquo;","og_url":"https:\/\/chateaudeberthenonville.fr\/index.php\/activite-nouveau\/","og_site_name":"Ch\u00e2teau de Berthenonville","article_publisher":"https:\/\/www.facebook.com\/Ch%c3%a2teau-de-Berthenonville-102554428497239\/","article_modified_time":"2025-06-29T21:42:41+00:00","og_image":[{"width":2000,"height":870,"url":"https:\/\/chateaudeberthenonville.fr\/wp-content\/uploads\/2023\/04\/cropped-ChateaudeBerthenonville-Seminaire-01-web-1.jpg","type":"image\/jpeg"}],"schema":{"@context":"https:\/\/schema.org","@graph":[{"@type":"WebPage","@id":"https:\/\/chateaudeberthenonville.fr\/index.php\/activite-nouveau\/","url":"https:\/\/chateaudeberthenonville.fr\/index.php\/activite-nouveau\/","name":"Activit\u00e9 (nouveau) | Ch\u00e2teau de Berthenonville","isPartOf":{"@id":"https:\/\/chateaudeberthenonville.fr\/#website"},"datePublished":"2025-06-29T21:22:03+00:00","dateModified":"2025-06-29T21:42:41+00:00","breadcrumb":{"@id":"https:\/\/chateaudeberthenonville.fr\/index.php\/activite-nouveau\/#breadcrumb"},"inLanguage":"fr-FR","potentialAction":[{"@type":"ReadAction","target":["https:\/\/chateaudeberthenonville.fr\/index.php\/activite-nouveau\/"]}]},{"@type":"BreadcrumbList","@id":"https:\/\/chateaudeberthenonville.fr\/index.php\/activite-nouveau\/#breadcrumb","itemListElement":[{"@type":"ListItem","position":1,"name":"Accueil","item":"https:\/\/chateaudeberthenonville.fr\/"},{"@type":"ListItem","position":2,"name":"Activit\u00e9 (nouveau)"}]},{"@type":"WebSite","@id":"https:\/\/chateaudeberthenonville.fr\/#website","url":"https:\/\/chateaudeberthenonville.fr\/","name":"Ch\u00e2teau de Berthenonville","description":"Une demeure familiale en Normandie","publisher":{"@id":"https:\/\/chateaudeberthenonville.fr\/#organization"},"potentialAction":[{"@type":"SearchAction","target":{"@type":"EntryPoint","urlTemplate":"https:\/\/chateaudeberthenonville.fr\/?s={search_term_string}"},"query-input":{"@type":"PropertyValueSpecification","valueRequired":true,"valueName":"search_term_string"}}],"inLanguage":"fr-FR"},{"@type":"Organization","@id":"https:\/\/chateaudeberthenonville.fr\/#organization","name":"Ch\u00e2teau de Berthenonville","url":"https:\/\/chateaudeberthenonville.fr\/","logo":{"@type":"ImageObject","inLanguage":"fr-FR","@id":"https:\/\/chateaudeberthenonville.fr\/#\/schema\/logo\/image\/","url":"https:\/\/chateaudeberthenonville.fr\/wp-content\/uploads\/2025\/06\/cropped-chateau-de-b-logo-1.png","contentUrl":"https:\/\/chateaudeberthenonville.fr\/wp-content\/uploads\/2025\/06\/cropped-chateau-de-b-logo-1.png","width":512,"height":512,"caption":"Ch\u00e2teau de Berthenonville"},"image":{"@id":"https:\/\/chateaudeberthenonville.fr\/#\/schema\/logo\/image\/"},"sameAs":["https:\/\/www.facebook.com\/Ch\u00e2teau-de-Berthenonville-102554428497239\/","https:\/\/www.instagram.com\/chateau_de_berthenonville_\/"]}]}},"_links":{"self":[{"href":"https:\/\/chateaudeberthenonville.fr\/index.php\/wp-json\/wp\/v2\/pages\/1322","targetHints":{"allow":["GET"]}}],"collection":[{"href":"https:\/\/chateaudeberthenonville.fr\/index.php\/wp-json\/wp\/v2\/pages"}],"about":[{"href":"https:\/\/chateaudeberthenonville.fr\/index.php\/wp-json\/wp\/v2\/types\/page"}],"author":[{"embeddable":true,"href":"https:\/\/chateaudeberthenonville.fr\/index.php\/wp-json\/wp\/v2\/users\/1"}],"replies":[{"embeddable":true,"href":"https:\/\/chateaudeberthenonville.fr\/index.php\/wp-json\/wp\/v2\/comments?post=1322"}],"version-history":[{"count":19,"href":"https:\/\/chateaudeberthenonville.fr\/index.php\/wp-json\/wp\/v2\/pages\/1322\/revisions"}],"predecessor-version":[{"id":1341,"href":"https:\/\/chateaudeberthenonville.fr\/index.php\/wp-json\/wp\/v2\/pages\/1322\/revisions\/1341"}],"wp:attachment":[{"href":"https:\/\/chateaudeberthenonville.fr\/index.php\/wp-json\/wp\/v2\/media?parent=1322"}],"curies":[{"name":"wp","href":"https:\/\/api.w.org\/{rel}","templated":true}]}}