{"id":91,"date":"2020-09-19T01:21:54","date_gmt":"2020-09-18T23:21:54","guid":{"rendered":"http:\/\/chateaudeberthenonville.fr\/?page_id=91"},"modified":"2022-03-13T17:48:59","modified_gmt":"2022-03-13T16:48:59","slug":"pour-les-gites","status":"publish","type":"page","link":"https:\/\/chateaudeberthenonville.fr\/index.php\/pour-les-gites\/","title":{"rendered":"Les G\u00eetes \u00e0 venir"},"content":{"rendered":"\r\n<p><strong>La Loge du Gardien<\/strong> (ouverture courant 2023)<\/p>\r\n\r\n\r\n\r\n<p>La Loge du Gardien comprend deux chambres qui offrent une capacit\u00e9 de logement pour 4 personnes. Un jardin priv\u00e9, une terrasse, une place de parking et un stationnement s\u00e9curis\u00e9 pour moto vous sont offerts.<\/p>\r\n\r\n\r\n\r\n<p>Depuis le salon, vous profiterez de la vue sur le Ch\u00e2teau. N&rsquo;h\u00e9sitez pas \u00e0 vous promener dans les all\u00e9es du Parc au milieu des arbres centenaires.<\/p>\r\n\r\n\r\n\r\n<p>Les animaux sont les bienvenus. Nous sommes en mesure de vous proposer la location du chenil si vos visites en journ\u00e9e ne sont pas accessibles aux animaux et si vous souhaitez laisser votre animal en ext\u00e9rieur avec abri en toute s\u00e9curit\u00e9.<\/p>\r\n<p><img fetchpriority=\"high\" decoding=\"async\" class=\"alignnone size-medium wp-image-605 aligncenter\" src=\"https:\/\/chateaudeberthenonville.fr\/wp-content\/uploads\/2022\/01\/LogeGardien-300x225.jpg\" alt=\"\" width=\"300\" height=\"225\" srcset=\"https:\/\/chateaudeberthenonville.fr\/wp-content\/uploads\/2022\/01\/LogeGardien-300x225.jpg 300w, https:\/\/chateaudeberthenonville.fr\/wp-content\/uploads\/2022\/01\/LogeGardien-700x525.jpg 700w, https:\/\/chateaudeberthenonville.fr\/wp-content\/uploads\/2022\/01\/LogeGardien-768x576.jpg 768w, https:\/\/chateaudeberthenonville.fr\/wp-content\/uploads\/2022\/01\/LogeGardien-1536x1152.jpg 1536w, https:\/\/chateaudeberthenonville.fr\/wp-content\/uploads\/2022\/01\/LogeGardien.jpg 1706w\" sizes=\"(max-width: 300px) 100vw, 300px\" \/><\/p>\r\n\r\n\r\n\r\n<p>G\u00eetes \u00e9questres, g\u00eetes de groupe, \u00e0 venir&#8230;<\/p>\r\n\r\n\r\n\r\n\r\n\r\n\r\n\r\n\r\n\r\n<p><em>\u00a0<\/em><\/p>\r\n","protected":false},"excerpt":{"rendered":"<p>La Loge du Gardien (ouverture courant 2023) La Loge du Gardien comprend deux chambres qui offrent une capacit\u00e9 de logement pour 4 personnes. Un jardin priv\u00e9, une terrasse, une place de parking et un stationnement s\u00e9curis\u00e9 pour moto vous sont offerts. Depuis le salon, vous profiterez de la vue sur le Ch\u00e2teau. N&rsquo;h\u00e9sitez pas \u00e0 &hellip; <\/p>\n<p class=\"link-more\"><a href=\"https:\/\/chateaudeberthenonville.fr\/index.php\/pour-les-gites\/\" class=\"more-link\">Continuer la lecture<span class=\"screen-reader-text\"> de &laquo;&nbsp;Les G\u00eetes \u00e0 venir&nbsp;&raquo;<\/span><\/a><\/p>\n","protected":false},"author":1,"featured_media":0,"parent":0,"menu_order":0,"comment_status":"closed","ping_status":"closed","template":"","meta":{"footnotes":""},"class_list":["post-91","page","type-page","status-publish","hentry"],"yoast_head":"<!-- This site is optimized with the Yoast SEO plugin v27.3 - https:\/\/yoast.com\/product\/yoast-seo-wordpress\/ -->\n<title>Les G\u00eetes \u00e0 venir | Ch\u00e2teau de Berthenonville<\/title>\n<meta name=\"robots\" content=\"index, follow, max-snippet:-1, max-image-preview:large, max-video-preview:-1\" \/>\n<link rel=\"canonical\" href=\"https:\/\/chateaudeberthenonville.fr\/index.php\/pour-les-gites\/\" \/>\n<meta property=\"og:locale\" content=\"fr_FR\" \/>\n<meta property=\"og:type\" content=\"article\" \/>\n<meta property=\"og:title\" content=\"Les G\u00eetes \u00e0 venir | Ch\u00e2teau de Berthenonville\" \/>\n<meta property=\"og:description\" content=\"La Loge du Gardien (ouverture courant 2023) La Loge du Gardien comprend deux chambres qui offrent une capacit\u00e9 de logement pour 4 personnes. Un jardin priv\u00e9, une terrasse, une place de parking et un stationnement s\u00e9curis\u00e9 pour moto vous sont offerts. Depuis le salon, vous profiterez de la vue sur le Ch\u00e2teau. N&rsquo;h\u00e9sitez pas \u00e0 &hellip; Continuer la lecture de &laquo;&nbsp;Les G\u00eetes \u00e0 venir&nbsp;&raquo;\" \/>\n<meta property=\"og:url\" content=\"https:\/\/chateaudeberthenonville.fr\/index.php\/pour-les-gites\/\" \/>\n<meta property=\"og:site_name\" content=\"Ch\u00e2teau de Berthenonville\" \/>\n<meta property=\"article:publisher\" content=\"https:\/\/www.facebook.com\/Ch%c3%a2teau-de-Berthenonville-102554428497239\/\" \/>\n<meta property=\"article:modified_time\" content=\"2022-03-13T16:48:59+00:00\" \/>\n<meta property=\"og:image\" content=\"http:\/\/chateaudeberthenonville.fr\/wp-content\/uploads\/2022\/01\/LogeGardien-300x225.jpg\" \/>\n<script type=\"application\/ld+json\" class=\"yoast-schema-graph\">{\"@context\":\"https:\\\/\\\/schema.org\",\"@graph\":[{\"@type\":\"WebPage\",\"@id\":\"https:\\\/\\\/chateaudeberthenonville.fr\\\/index.php\\\/pour-les-gites\\\/\",\"url\":\"https:\\\/\\\/chateaudeberthenonville.fr\\\/index.php\\\/pour-les-gites\\\/\",\"name\":\"Les G\u00eetes \u00e0 venir | Ch\u00e2teau de Berthenonville\",\"isPartOf\":{\"@id\":\"https:\\\/\\\/chateaudeberthenonville.fr\\\/#website\"},\"primaryImageOfPage\":{\"@id\":\"https:\\\/\\\/chateaudeberthenonville.fr\\\/index.php\\\/pour-les-gites\\\/#primaryimage\"},\"image\":{\"@id\":\"https:\\\/\\\/chateaudeberthenonville.fr\\\/index.php\\\/pour-les-gites\\\/#primaryimage\"},\"thumbnailUrl\":\"http:\\\/\\\/chateaudeberthenonville.fr\\\/wp-content\\\/uploads\\\/2022\\\/01\\\/LogeGardien-300x225.jpg\",\"datePublished\":\"2020-09-18T23:21:54+00:00\",\"dateModified\":\"2022-03-13T16:48:59+00:00\",\"breadcrumb\":{\"@id\":\"https:\\\/\\\/chateaudeberthenonville.fr\\\/index.php\\\/pour-les-gites\\\/#breadcrumb\"},\"inLanguage\":\"fr-FR\",\"potentialAction\":[{\"@type\":\"ReadAction\",\"target\":[\"https:\\\/\\\/chateaudeberthenonville.fr\\\/index.php\\\/pour-les-gites\\\/\"]}]},{\"@type\":\"ImageObject\",\"inLanguage\":\"fr-FR\",\"@id\":\"https:\\\/\\\/chateaudeberthenonville.fr\\\/index.php\\\/pour-les-gites\\\/#primaryimage\",\"url\":\"http:\\\/\\\/chateaudeberthenonville.fr\\\/wp-content\\\/uploads\\\/2022\\\/01\\\/LogeGardien-300x225.jpg\",\"contentUrl\":\"http:\\\/\\\/chateaudeberthenonville.fr\\\/wp-content\\\/uploads\\\/2022\\\/01\\\/LogeGardien-300x225.jpg\"},{\"@type\":\"BreadcrumbList\",\"@id\":\"https:\\\/\\\/chateaudeberthenonville.fr\\\/index.php\\\/pour-les-gites\\\/#breadcrumb\",\"itemListElement\":[{\"@type\":\"ListItem\",\"position\":1,\"name\":\"Accueil\",\"item\":\"https:\\\/\\\/chateaudeberthenonville.fr\\\/\"},{\"@type\":\"ListItem\",\"position\":2,\"name\":\"Les G\u00eetes \u00e0 venir\"}]},{\"@type\":\"WebSite\",\"@id\":\"https:\\\/\\\/chateaudeberthenonville.fr\\\/#website\",\"url\":\"https:\\\/\\\/chateaudeberthenonville.fr\\\/\",\"name\":\"Ch\u00e2teau de Berthenonville\",\"description\":\"Une demeure familiale en Normandie\",\"publisher\":{\"@id\":\"https:\\\/\\\/chateaudeberthenonville.fr\\\/#organization\"},\"potentialAction\":[{\"@type\":\"SearchAction\",\"target\":{\"@type\":\"EntryPoint\",\"urlTemplate\":\"https:\\\/\\\/chateaudeberthenonville.fr\\\/?s={search_term_string}\"},\"query-input\":{\"@type\":\"PropertyValueSpecification\",\"valueRequired\":true,\"valueName\":\"search_term_string\"}}],\"inLanguage\":\"fr-FR\"},{\"@type\":\"Organization\",\"@id\":\"https:\\\/\\\/chateaudeberthenonville.fr\\\/#organization\",\"name\":\"Ch\u00e2teau de Berthenonville\",\"url\":\"https:\\\/\\\/chateaudeberthenonville.fr\\\/\",\"logo\":{\"@type\":\"ImageObject\",\"inLanguage\":\"fr-FR\",\"@id\":\"https:\\\/\\\/chateaudeberthenonville.fr\\\/#\\\/schema\\\/logo\\\/image\\\/\",\"url\":\"https:\\\/\\\/chateaudeberthenonville.fr\\\/wp-content\\\/uploads\\\/2025\\\/06\\\/cropped-chateau-de-b-logo-1.png\",\"contentUrl\":\"https:\\\/\\\/chateaudeberthenonville.fr\\\/wp-content\\\/uploads\\\/2025\\\/06\\\/cropped-chateau-de-b-logo-1.png\",\"width\":512,\"height\":512,\"caption\":\"Ch\u00e2teau de Berthenonville\"},\"image\":{\"@id\":\"https:\\\/\\\/chateaudeberthenonville.fr\\\/#\\\/schema\\\/logo\\\/image\\\/\"},\"sameAs\":[\"https:\\\/\\\/www.facebook.com\\\/Ch\u00e2teau-de-Berthenonville-102554428497239\\\/\",\"https:\\\/\\\/www.instagram.com\\\/chateau_de_berthenonville_\\\/\"]}]}<\/script>\n<!-- \/ Yoast SEO plugin. -->","yoast_head_json":{"title":"Les G\u00eetes \u00e0 venir | Ch\u00e2teau de Berthenonville","robots":{"index":"index","follow":"follow","max-snippet":"max-snippet:-1","max-image-preview":"max-image-preview:large","max-video-preview":"max-video-preview:-1"},"canonical":"https:\/\/chateaudeberthenonville.fr\/index.php\/pour-les-gites\/","og_locale":"fr_FR","og_type":"article","og_title":"Les G\u00eetes \u00e0 venir | Ch\u00e2teau de Berthenonville","og_description":"La Loge du Gardien (ouverture courant 2023) La Loge du Gardien comprend deux chambres qui offrent une capacit\u00e9 de logement pour 4 personnes. Un jardin priv\u00e9, une terrasse, une place de parking et un stationnement s\u00e9curis\u00e9 pour moto vous sont offerts. Depuis le salon, vous profiterez de la vue sur le Ch\u00e2teau. N&rsquo;h\u00e9sitez pas \u00e0 &hellip; Continuer la lecture de &laquo;&nbsp;Les G\u00eetes \u00e0 venir&nbsp;&raquo;","og_url":"https:\/\/chateaudeberthenonville.fr\/index.php\/pour-les-gites\/","og_site_name":"Ch\u00e2teau de Berthenonville","article_publisher":"https:\/\/www.facebook.com\/Ch%c3%a2teau-de-Berthenonville-102554428497239\/","article_modified_time":"2022-03-13T16:48:59+00:00","og_image":[{"url":"http:\/\/chateaudeberthenonville.fr\/wp-content\/uploads\/2022\/01\/LogeGardien-300x225.jpg","type":"","width":"","height":""}],"schema":{"@context":"https:\/\/schema.org","@graph":[{"@type":"WebPage","@id":"https:\/\/chateaudeberthenonville.fr\/index.php\/pour-les-gites\/","url":"https:\/\/chateaudeberthenonville.fr\/index.php\/pour-les-gites\/","name":"Les G\u00eetes \u00e0 venir | Ch\u00e2teau de Berthenonville","isPartOf":{"@id":"https:\/\/chateaudeberthenonville.fr\/#website"},"primaryImageOfPage":{"@id":"https:\/\/chateaudeberthenonville.fr\/index.php\/pour-les-gites\/#primaryimage"},"image":{"@id":"https:\/\/chateaudeberthenonville.fr\/index.php\/pour-les-gites\/#primaryimage"},"thumbnailUrl":"http:\/\/chateaudeberthenonville.fr\/wp-content\/uploads\/2022\/01\/LogeGardien-300x225.jpg","datePublished":"2020-09-18T23:21:54+00:00","dateModified":"2022-03-13T16:48:59+00:00","breadcrumb":{"@id":"https:\/\/chateaudeberthenonville.fr\/index.php\/pour-les-gites\/#breadcrumb"},"inLanguage":"fr-FR","potentialAction":[{"@type":"ReadAction","target":["https:\/\/chateaudeberthenonville.fr\/index.php\/pour-les-gites\/"]}]},{"@type":"ImageObject","inLanguage":"fr-FR","@id":"https:\/\/chateaudeberthenonville.fr\/index.php\/pour-les-gites\/#primaryimage","url":"http:\/\/chateaudeberthenonville.fr\/wp-content\/uploads\/2022\/01\/LogeGardien-300x225.jpg","contentUrl":"http:\/\/chateaudeberthenonville.fr\/wp-content\/uploads\/2022\/01\/LogeGardien-300x225.jpg"},{"@type":"BreadcrumbList","@id":"https:\/\/chateaudeberthenonville.fr\/index.php\/pour-les-gites\/#breadcrumb","itemListElement":[{"@type":"ListItem","position":1,"name":"Accueil","item":"https:\/\/chateaudeberthenonville.fr\/"},{"@type":"ListItem","position":2,"name":"Les G\u00eetes \u00e0 venir"}]},{"@type":"WebSite","@id":"https:\/\/chateaudeberthenonville.fr\/#website","url":"https:\/\/chateaudeberthenonville.fr\/","name":"Ch\u00e2teau de Berthenonville","description":"Une demeure familiale en Normandie","publisher":{"@id":"https:\/\/chateaudeberthenonville.fr\/#organization"},"potentialAction":[{"@type":"SearchAction","target":{"@type":"EntryPoint","urlTemplate":"https:\/\/chateaudeberthenonville.fr\/?s={search_term_string}"},"query-input":{"@type":"PropertyValueSpecification","valueRequired":true,"valueName":"search_term_string"}}],"inLanguage":"fr-FR"},{"@type":"Organization","@id":"https:\/\/chateaudeberthenonville.fr\/#organization","name":"Ch\u00e2teau de Berthenonville","url":"https:\/\/chateaudeberthenonville.fr\/","logo":{"@type":"ImageObject","inLanguage":"fr-FR","@id":"https:\/\/chateaudeberthenonville.fr\/#\/schema\/logo\/image\/","url":"https:\/\/chateaudeberthenonville.fr\/wp-content\/uploads\/2025\/06\/cropped-chateau-de-b-logo-1.png","contentUrl":"https:\/\/chateaudeberthenonville.fr\/wp-content\/uploads\/2025\/06\/cropped-chateau-de-b-logo-1.png","width":512,"height":512,"caption":"Ch\u00e2teau de Berthenonville"},"image":{"@id":"https:\/\/chateaudeberthenonville.fr\/#\/schema\/logo\/image\/"},"sameAs":["https:\/\/www.facebook.com\/Ch\u00e2teau-de-Berthenonville-102554428497239\/","https:\/\/www.instagram.com\/chateau_de_berthenonville_\/"]}]}},"_links":{"self":[{"href":"https:\/\/chateaudeberthenonville.fr\/index.php\/wp-json\/wp\/v2\/pages\/91","targetHints":{"allow":["GET"]}}],"collection":[{"href":"https:\/\/chateaudeberthenonville.fr\/index.php\/wp-json\/wp\/v2\/pages"}],"about":[{"href":"https:\/\/chateaudeberthenonville.fr\/index.php\/wp-json\/wp\/v2\/types\/page"}],"author":[{"embeddable":true,"href":"https:\/\/chateaudeberthenonville.fr\/index.php\/wp-json\/wp\/v2\/users\/1"}],"replies":[{"embeddable":true,"href":"https:\/\/chateaudeberthenonville.fr\/index.php\/wp-json\/wp\/v2\/comments?post=91"}],"version-history":[{"count":18,"href":"https:\/\/chateaudeberthenonville.fr\/index.php\/wp-json\/wp\/v2\/pages\/91\/revisions"}],"predecessor-version":[{"id":709,"href":"https:\/\/chateaudeberthenonville.fr\/index.php\/wp-json\/wp\/v2\/pages\/91\/revisions\/709"}],"wp:attachment":[{"href":"https:\/\/chateaudeberthenonville.fr\/index.php\/wp-json\/wp\/v2\/media?parent=91"}],"curies":[{"name":"wp","href":"https:\/\/api.w.org\/{rel}","templated":true}]}}