{"id":96,"date":"2020-09-19T01:36:11","date_gmt":"2020-09-18T23:36:11","guid":{"rendered":"http:\/\/chateaudeberthenonville.fr\/?page_id=96"},"modified":"2022-08-02T23:00:00","modified_gmt":"2022-08-02T21:00:00","slug":"la-grande-galerie","status":"publish","type":"page","link":"https:\/\/chateaudeberthenonville.fr\/index.php\/la-grande-galerie\/","title":{"rendered":"Photos"},"content":{"rendered":"<style type=\"text\/css\">\n#foogallery-gallery-805.fg-justified .fg-item { margin-right: 2px; margin-bottom: 2px; }\n#foogallery-gallery-805.fg-justified .fg-image { height: 200px; }<\/style>\n\t\t\t<div class=\"foogallery foogallery-container foogallery-justified foogallery-lightbox-foobox fg-justified fg-ready fg-light fg-shadow-outline fg-loading-default fg-loaded-fade-in fg-caption-always fg-hover-fade fg-hover-zoom2\" id=\"foogallery-gallery-805\" data-foogallery=\"{&quot;item&quot;:{&quot;showCaptionTitle&quot;:true,&quot;showCaptionDescription&quot;:false},&quot;lazy&quot;:true,&quot;template&quot;:{&quot;rowHeight&quot;:200,&quot;maxRowHeight&quot;:300,&quot;margins&quot;:2,&quot;align&quot;:&quot;center&quot;,&quot;lastRow&quot;:&quot;smart&quot;}}\" style=\"--fg-title-line-clamp: 0; --fg-description-line-clamp: 0;\" >\n\t<div class=\"fg-item fg-type-image fg-idle\"><figure class=\"fg-item-inner\"><a href=\"https:\/\/chateaudeberthenonville.fr\/wp-content\/uploads\/2021\/11\/ChateauBerthenonville-Expositions2021-008.jpg\" data-caption-title=\"Jeu de miroir dans la galerie\" data-attachment-id=\"353\" data-type=\"image\" class=\"fg-thumb\"><span class=\"fg-image-wrap\"><img fetchpriority=\"high\" decoding=\"async\" title=\"Jeu de miroir dans la galerie\" height=\"300\" width=\"400\" class=\"skip-lazy fg-image\" data-src-fg=\"https:\/\/chateaudeberthenonville.fr\/wp-content\/uploads\/cache\/2021\/11\/ChateauBerthenonville-Expositions2021-008\/3462737195.jpg\" src=\"data:image\/svg+xml,%3Csvg%20xmlns%3D%22http%3A%2F%2Fwww.w3.org%2F2000%2Fsvg%22%20width%3D%22400%22%20height%3D%22300%22%20viewBox%3D%220%200%20400%20300%22%3E%3C%2Fsvg%3E\" loading=\"eager\"><\/span><span class=\"fg-image-overlay\"><\/span><\/a><figcaption class=\"fg-caption\"><div class=\"fg-caption-inner\"><div class=\"fg-caption-title\">Jeu de miroir dans la galerie<\/div><\/div><\/figcaption><\/figure><div class=\"fg-loader\"><\/div><\/div><div class=\"fg-item fg-type-image fg-idle\"><figure class=\"fg-item-inner\"><a href=\"https:\/\/chateaudeberthenonville.fr\/wp-content\/uploads\/2021\/11\/ChateauBerthenonville-094.jpg\" data-caption-title=\"Vue sur le Grand Escalier donnant dans le parc\" data-attachment-id=\"283\" data-type=\"image\" class=\"fg-thumb\"><span class=\"fg-image-wrap\"><img decoding=\"async\" title=\"Vue sur le Grand Escalier donnant dans le parc\" height=\"300\" width=\"400\" class=\"skip-lazy fg-image\" data-src-fg=\"https:\/\/chateaudeberthenonville.fr\/wp-content\/uploads\/cache\/2021\/11\/ChateauBerthenonville-094\/1296605854.jpg\" src=\"data:image\/svg+xml,%3Csvg%20xmlns%3D%22http%3A%2F%2Fwww.w3.org%2F2000%2Fsvg%22%20width%3D%22400%22%20height%3D%22300%22%20viewBox%3D%220%200%20400%20300%22%3E%3C%2Fsvg%3E\" loading=\"eager\"><\/span><span class=\"fg-image-overlay\"><\/span><\/a><figcaption class=\"fg-caption\"><div class=\"fg-caption-inner\"><div class=\"fg-caption-title\">Vue sur le Grand Escalier donnant dans le parc<\/div><\/div><\/figcaption><\/figure><div class=\"fg-loader\"><\/div><\/div><div class=\"fg-item fg-type-image fg-idle\"><figure class=\"fg-item-inner\"><a href=\"https:\/\/chateaudeberthenonville.fr\/wp-content\/uploads\/2021\/11\/ChateauBerthenonville-Interieur001.jpg\" data-caption-title=\"Salle \u00e0 manger du petit d\u00e9jeuner pour les chambres d&#039;h\u00f4tes.\" data-caption-desc=\"Salle \u00e0 manger du petit d\u00e9jeuner pour les chambres d&#039;h\u00f4tes. \nConfiguration jusqu&#039;\u00e0 20 convives lors des r\u00e9ceptions priv\u00e9es dans le ch\u00e2teau.\" data-attachment-id=\"396\" data-type=\"image\" class=\"fg-thumb\"><span class=\"fg-image-wrap\"><img decoding=\"async\" title=\"Salle \u00e0 manger du petit d\u00e9jeuner pour les chambres d&#039;h\u00f4tes.\" height=\"300\" width=\"400\" class=\"skip-lazy fg-image\" data-src-fg=\"https:\/\/chateaudeberthenonville.fr\/wp-content\/uploads\/cache\/2021\/11\/ChateauBerthenonville-Interieur001\/3322643038.jpg\" src=\"data:image\/svg+xml,%3Csvg%20xmlns%3D%22http%3A%2F%2Fwww.w3.org%2F2000%2Fsvg%22%20width%3D%22400%22%20height%3D%22300%22%20viewBox%3D%220%200%20400%20300%22%3E%3C%2Fsvg%3E\" loading=\"eager\"><\/span><span class=\"fg-image-overlay\"><\/span><\/a><figcaption class=\"fg-caption\"><div class=\"fg-caption-inner\"><div class=\"fg-caption-title\">Salle \u00e0 manger du petit d\u00e9jeuner pour les chambres d'h\u00f4tes.<\/div><\/div><\/figcaption><\/figure><div class=\"fg-loader\"><\/div><\/div><div class=\"fg-item fg-type-image fg-idle\"><figure class=\"fg-item-inner\"><a href=\"https:\/\/chateaudeberthenonville.fr\/wp-content\/uploads\/2021\/11\/ChateauBerthenonville-Interieur003.jpg\" data-caption-title=\"Salle \u00e0 manger\" data-caption-desc=\"Salle \u00e0 manger du petit d\u00e9jeuner. \nConfiguration jusqu&#039;\u00e0 20 convives lors des r\u00e9ceptions priv\u00e9es dans le ch\u00e2teau.\" data-attachment-id=\"398\" data-type=\"image\" class=\"fg-thumb\"><span class=\"fg-image-wrap\"><img decoding=\"async\" title=\"Salle \u00e0 manger\" height=\"300\" width=\"400\" class=\"skip-lazy fg-image\" data-src-fg=\"https:\/\/chateaudeberthenonville.fr\/wp-content\/uploads\/cache\/2021\/11\/ChateauBerthenonville-Interieur003\/328410869.jpg\" src=\"data:image\/svg+xml,%3Csvg%20xmlns%3D%22http%3A%2F%2Fwww.w3.org%2F2000%2Fsvg%22%20width%3D%22400%22%20height%3D%22300%22%20viewBox%3D%220%200%20400%20300%22%3E%3C%2Fsvg%3E\" loading=\"eager\"><\/span><span class=\"fg-image-overlay\"><\/span><\/a><figcaption class=\"fg-caption\"><div class=\"fg-caption-inner\"><div class=\"fg-caption-title\">Salle \u00e0 manger<\/div><\/div><\/figcaption><\/figure><div class=\"fg-loader\"><\/div><\/div><div class=\"fg-item fg-type-image fg-idle\"><figure class=\"fg-item-inner\"><a href=\"https:\/\/chateaudeberthenonville.fr\/wp-content\/uploads\/2021\/11\/ChateauBerthenonville-Interieur004.jpg\" data-caption-title=\"Salle \u00e0 manger avec feu de chemin\u00e9e.\" data-caption-desc=\"Salle \u00e0 manger du petit d\u00e9jeuner pour les chambres d&#039;h\u00f4tes, avec feu de chemin\u00e9e . \nConfiguration jusqu&#039;\u00e0 20 convives lors des r\u00e9ceptions priv\u00e9es dans le ch\u00e2teau.\" data-attachment-id=\"399\" data-type=\"image\" class=\"fg-thumb\"><span class=\"fg-image-wrap\"><img decoding=\"async\" title=\"Salle \u00e0 manger avec feu de chemin\u00e9e.\" height=\"300\" width=\"400\" class=\"skip-lazy fg-image\" data-src-fg=\"https:\/\/chateaudeberthenonville.fr\/wp-content\/uploads\/cache\/2021\/11\/ChateauBerthenonville-Interieur004\/3472426836.jpg\" src=\"data:image\/svg+xml,%3Csvg%20xmlns%3D%22http%3A%2F%2Fwww.w3.org%2F2000%2Fsvg%22%20width%3D%22400%22%20height%3D%22300%22%20viewBox%3D%220%200%20400%20300%22%3E%3C%2Fsvg%3E\" loading=\"eager\"><\/span><span class=\"fg-image-overlay\"><\/span><\/a><figcaption class=\"fg-caption\"><div class=\"fg-caption-inner\"><div class=\"fg-caption-title\">Salle \u00e0 manger avec feu de chemin\u00e9e.<\/div><\/div><\/figcaption><\/figure><div class=\"fg-loader\"><\/div><\/div><div class=\"fg-item fg-type-image fg-idle\"><figure class=\"fg-item-inner\"><a href=\"https:\/\/chateaudeberthenonville.fr\/wp-content\/uploads\/2021\/11\/ChateauBerthenonville-Interieur002.jpg\" data-caption-title=\"Billard fran\u00e7ais H\u00e9nin A\u00een\u00e9 (vers 1940) avec bandes Champions\" data-attachment-id=\"397\" data-type=\"image\" class=\"fg-thumb\"><span class=\"fg-image-wrap\"><img decoding=\"async\" title=\"Billard fran\u00e7ais H\u00e9nin A\u00een\u00e9 (vers 1940) avec bandes Champions\" height=\"300\" width=\"400\" class=\"skip-lazy fg-image\" data-src-fg=\"https:\/\/chateaudeberthenonville.fr\/wp-content\/uploads\/cache\/2021\/11\/ChateauBerthenonville-Interieur002\/2670439685.jpg\" src=\"data:image\/svg+xml,%3Csvg%20xmlns%3D%22http%3A%2F%2Fwww.w3.org%2F2000%2Fsvg%22%20width%3D%22400%22%20height%3D%22300%22%20viewBox%3D%220%200%20400%20300%22%3E%3C%2Fsvg%3E\" loading=\"eager\"><\/span><span class=\"fg-image-overlay\"><\/span><\/a><figcaption class=\"fg-caption\"><div class=\"fg-caption-inner\"><div class=\"fg-caption-title\">Billard fran\u00e7ais H\u00e9nin A\u00een\u00e9 (vers 1940) avec bandes Champions<\/div><\/div><\/figcaption><\/figure><div class=\"fg-loader\"><\/div><\/div><div class=\"fg-item fg-type-image fg-idle\"><figure class=\"fg-item-inner\"><a href=\"https:\/\/chateaudeberthenonville.fr\/wp-content\/uploads\/2021\/11\/ChateauBerthenonville-040.jpg\" data-caption-title=\"Grand salon\" data-attachment-id=\"243\" data-type=\"image\" class=\"fg-thumb\"><span class=\"fg-image-wrap\"><img decoding=\"async\" title=\"Grand salon\" height=\"300\" width=\"400\" class=\"skip-lazy fg-image\" data-src-fg=\"https:\/\/chateaudeberthenonville.fr\/wp-content\/uploads\/cache\/2021\/11\/ChateauBerthenonville-040\/1165555695.jpg\" src=\"data:image\/svg+xml,%3Csvg%20xmlns%3D%22http%3A%2F%2Fwww.w3.org%2F2000%2Fsvg%22%20width%3D%22400%22%20height%3D%22300%22%20viewBox%3D%220%200%20400%20300%22%3E%3C%2Fsvg%3E\" loading=\"eager\"><\/span><span class=\"fg-image-overlay\"><\/span><\/a><figcaption class=\"fg-caption\"><div class=\"fg-caption-inner\"><div class=\"fg-caption-title\">Grand salon<\/div><\/div><\/figcaption><\/figure><div class=\"fg-loader\"><\/div><\/div><div class=\"fg-item fg-type-image fg-idle\"><figure class=\"fg-item-inner\"><a href=\"https:\/\/chateaudeberthenonville.fr\/wp-content\/uploads\/2021\/11\/Image-020.jpg\" data-caption-title=\"Piano Playel (1913)\" data-caption-desc=\"Piano manufacture Playel Lyon &amp;amp; Cie (Gustave Lyon de 1883 \u00e0 1936) pour un moment de d\u00e9tente dans le Grand Salon\" data-attachment-id=\"192\" data-type=\"image\" class=\"fg-thumb\"><span class=\"fg-image-wrap\"><img decoding=\"async\" title=\"Piano Playel (1913)\" height=\"300\" width=\"225\" class=\"skip-lazy fg-image\" data-src-fg=\"https:\/\/chateaudeberthenonville.fr\/wp-content\/uploads\/cache\/2021\/11\/Image-020\/1728997602.jpg\" src=\"data:image\/svg+xml,%3Csvg%20xmlns%3D%22http%3A%2F%2Fwww.w3.org%2F2000%2Fsvg%22%20width%3D%22225%22%20height%3D%22300%22%20viewBox%3D%220%200%20225%20300%22%3E%3C%2Fsvg%3E\" loading=\"eager\"><\/span><span class=\"fg-image-overlay\"><\/span><\/a><figcaption class=\"fg-caption\"><div class=\"fg-caption-inner\"><div class=\"fg-caption-title\">Piano Playel (1913)<\/div><\/div><\/figcaption><\/figure><div class=\"fg-loader\"><\/div><\/div><div class=\"fg-item fg-type-image fg-idle\"><figure class=\"fg-item-inner\"><a href=\"https:\/\/chateaudeberthenonville.fr\/wp-content\/uploads\/2021\/11\/ChateauBerthenonville-Expositions2021-021.jpg\" data-attachment-id=\"366\" data-type=\"image\" class=\"fg-thumb\"><span class=\"fg-image-wrap\"><img decoding=\"async\" height=\"300\" width=\"400\" class=\"skip-lazy fg-image\" data-src-fg=\"https:\/\/chateaudeberthenonville.fr\/wp-content\/uploads\/cache\/2021\/11\/ChateauBerthenonville-Expositions2021-021\/2600070143.jpg\" src=\"data:image\/svg+xml,%3Csvg%20xmlns%3D%22http%3A%2F%2Fwww.w3.org%2F2000%2Fsvg%22%20width%3D%22400%22%20height%3D%22300%22%20viewBox%3D%220%200%20400%20300%22%3E%3C%2Fsvg%3E\" loading=\"eager\"><\/span><span class=\"fg-image-overlay\"><\/span><\/a><\/figure><div class=\"fg-loader\"><\/div><\/div><div class=\"fg-item fg-type-image fg-idle\"><figure class=\"fg-item-inner\"><a href=\"https:\/\/chateaudeberthenonville.fr\/wp-content\/uploads\/2021\/11\/Image-021.jpg\" data-caption-desc=\"Un moment romantique\" data-attachment-id=\"193\" data-type=\"image\" class=\"fg-thumb\"><span class=\"fg-image-wrap\"><img decoding=\"async\" height=\"300\" width=\"223\" class=\"skip-lazy fg-image\" data-src-fg=\"https:\/\/chateaudeberthenonville.fr\/wp-content\/uploads\/cache\/2021\/11\/Image-021\/1154585056.jpg\" src=\"data:image\/svg+xml,%3Csvg%20xmlns%3D%22http%3A%2F%2Fwww.w3.org%2F2000%2Fsvg%22%20width%3D%22223%22%20height%3D%22300%22%20viewBox%3D%220%200%20223%20300%22%3E%3C%2Fsvg%3E\" loading=\"eager\"><\/span><span class=\"fg-image-overlay\"><\/span><\/a><\/figure><div class=\"fg-loader\"><\/div><\/div><div class=\"fg-item fg-type-image fg-idle\"><figure class=\"fg-item-inner\"><a href=\"https:\/\/chateaudeberthenonville.fr\/wp-content\/uploads\/2021\/11\/ChateauBerthenonville-054-rotated.jpg\" data-attachment-id=\"249\" data-type=\"image\" class=\"fg-thumb\"><span class=\"fg-image-wrap\"><img decoding=\"async\" height=\"300\" width=\"225\" class=\"skip-lazy fg-image\" data-src-fg=\"https:\/\/chateaudeberthenonville.fr\/wp-content\/uploads\/cache\/2021\/11\/ChateauBerthenonville-054-rotated\/393102608.jpg\" src=\"data:image\/svg+xml,%3Csvg%20xmlns%3D%22http%3A%2F%2Fwww.w3.org%2F2000%2Fsvg%22%20width%3D%22225%22%20height%3D%22300%22%20viewBox%3D%220%200%20225%20300%22%3E%3C%2Fsvg%3E\" loading=\"eager\"><\/span><span class=\"fg-image-overlay\"><\/span><\/a><\/figure><div class=\"fg-loader\"><\/div><\/div><\/div>\n\r\n<p>&nbsp;<\/p>\r\n<p><em>\u00a0<\/em><\/p>\r\n","protected":false},"excerpt":{"rendered":"<p>&nbsp; \u00a0<\/p>\n","protected":false},"author":1,"featured_media":0,"parent":0,"menu_order":0,"comment_status":"closed","ping_status":"closed","template":"","meta":{"footnotes":""},"class_list":["post-96","page","type-page","status-publish","hentry"],"yoast_head":"<!-- This site is optimized with the Yoast SEO plugin v27.3 - https:\/\/yoast.com\/product\/yoast-seo-wordpress\/ -->\n<title>Photos | Ch\u00e2teau de Berthenonville<\/title>\n<meta name=\"robots\" content=\"index, follow, max-snippet:-1, max-image-preview:large, max-video-preview:-1\" \/>\n<link rel=\"canonical\" href=\"https:\/\/chateaudeberthenonville.fr\/index.php\/la-grande-galerie\/\" \/>\n<meta property=\"og:locale\" content=\"fr_FR\" \/>\n<meta property=\"og:type\" content=\"article\" \/>\n<meta property=\"og:title\" content=\"Photos | Ch\u00e2teau de Berthenonville\" \/>\n<meta property=\"og:description\" content=\"&nbsp; \u00a0\" \/>\n<meta property=\"og:url\" content=\"https:\/\/chateaudeberthenonville.fr\/index.php\/la-grande-galerie\/\" \/>\n<meta property=\"og:site_name\" content=\"Ch\u00e2teau de Berthenonville\" \/>\n<meta property=\"article:publisher\" content=\"https:\/\/www.facebook.com\/Ch%c3%a2teau-de-Berthenonville-102554428497239\/\" \/>\n<meta property=\"article:modified_time\" content=\"2022-08-02T21:00:00+00:00\" \/>\n<meta property=\"og:image\" content=\"https:\/\/chateaudeberthenonville.fr\/wp-content\/uploads\/2023\/04\/cropped-ChateaudeBerthenonville-Seminaire-01-web-1.jpg\" \/>\n\t<meta property=\"og:image:width\" content=\"2000\" \/>\n\t<meta property=\"og:image:height\" content=\"870\" \/>\n\t<meta property=\"og:image:type\" content=\"image\/jpeg\" \/>\n<script type=\"application\/ld+json\" class=\"yoast-schema-graph\">{\"@context\":\"https:\\\/\\\/schema.org\",\"@graph\":[{\"@type\":\"WebPage\",\"@id\":\"https:\\\/\\\/chateaudeberthenonville.fr\\\/index.php\\\/la-grande-galerie\\\/\",\"url\":\"https:\\\/\\\/chateaudeberthenonville.fr\\\/index.php\\\/la-grande-galerie\\\/\",\"name\":\"Photos | Ch\u00e2teau de Berthenonville\",\"isPartOf\":{\"@id\":\"https:\\\/\\\/chateaudeberthenonville.fr\\\/#website\"},\"datePublished\":\"2020-09-18T23:36:11+00:00\",\"dateModified\":\"2022-08-02T21:00:00+00:00\",\"breadcrumb\":{\"@id\":\"https:\\\/\\\/chateaudeberthenonville.fr\\\/index.php\\\/la-grande-galerie\\\/#breadcrumb\"},\"inLanguage\":\"fr-FR\",\"potentialAction\":[{\"@type\":\"ReadAction\",\"target\":[\"https:\\\/\\\/chateaudeberthenonville.fr\\\/index.php\\\/la-grande-galerie\\\/\"]}]},{\"@type\":\"BreadcrumbList\",\"@id\":\"https:\\\/\\\/chateaudeberthenonville.fr\\\/index.php\\\/la-grande-galerie\\\/#breadcrumb\",\"itemListElement\":[{\"@type\":\"ListItem\",\"position\":1,\"name\":\"Accueil\",\"item\":\"https:\\\/\\\/chateaudeberthenonville.fr\\\/\"},{\"@type\":\"ListItem\",\"position\":2,\"name\":\"Photos\"}]},{\"@type\":\"WebSite\",\"@id\":\"https:\\\/\\\/chateaudeberthenonville.fr\\\/#website\",\"url\":\"https:\\\/\\\/chateaudeberthenonville.fr\\\/\",\"name\":\"Ch\u00e2teau de Berthenonville\",\"description\":\"Une demeure familiale en Normandie\",\"publisher\":{\"@id\":\"https:\\\/\\\/chateaudeberthenonville.fr\\\/#organization\"},\"potentialAction\":[{\"@type\":\"SearchAction\",\"target\":{\"@type\":\"EntryPoint\",\"urlTemplate\":\"https:\\\/\\\/chateaudeberthenonville.fr\\\/?s={search_term_string}\"},\"query-input\":{\"@type\":\"PropertyValueSpecification\",\"valueRequired\":true,\"valueName\":\"search_term_string\"}}],\"inLanguage\":\"fr-FR\"},{\"@type\":\"Organization\",\"@id\":\"https:\\\/\\\/chateaudeberthenonville.fr\\\/#organization\",\"name\":\"Ch\u00e2teau de Berthenonville\",\"url\":\"https:\\\/\\\/chateaudeberthenonville.fr\\\/\",\"logo\":{\"@type\":\"ImageObject\",\"inLanguage\":\"fr-FR\",\"@id\":\"https:\\\/\\\/chateaudeberthenonville.fr\\\/#\\\/schema\\\/logo\\\/image\\\/\",\"url\":\"https:\\\/\\\/chateaudeberthenonville.fr\\\/wp-content\\\/uploads\\\/2025\\\/06\\\/cropped-chateau-de-b-logo-1.png\",\"contentUrl\":\"https:\\\/\\\/chateaudeberthenonville.fr\\\/wp-content\\\/uploads\\\/2025\\\/06\\\/cropped-chateau-de-b-logo-1.png\",\"width\":512,\"height\":512,\"caption\":\"Ch\u00e2teau de Berthenonville\"},\"image\":{\"@id\":\"https:\\\/\\\/chateaudeberthenonville.fr\\\/#\\\/schema\\\/logo\\\/image\\\/\"},\"sameAs\":[\"https:\\\/\\\/www.facebook.com\\\/Ch\u00e2teau-de-Berthenonville-102554428497239\\\/\",\"https:\\\/\\\/www.instagram.com\\\/chateau_de_berthenonville_\\\/\"]}]}<\/script>\n<!-- \/ Yoast SEO plugin. -->","yoast_head_json":{"title":"Photos | Ch\u00e2teau de Berthenonville","robots":{"index":"index","follow":"follow","max-snippet":"max-snippet:-1","max-image-preview":"max-image-preview:large","max-video-preview":"max-video-preview:-1"},"canonical":"https:\/\/chateaudeberthenonville.fr\/index.php\/la-grande-galerie\/","og_locale":"fr_FR","og_type":"article","og_title":"Photos | Ch\u00e2teau de Berthenonville","og_description":"&nbsp; \u00a0","og_url":"https:\/\/chateaudeberthenonville.fr\/index.php\/la-grande-galerie\/","og_site_name":"Ch\u00e2teau de Berthenonville","article_publisher":"https:\/\/www.facebook.com\/Ch%c3%a2teau-de-Berthenonville-102554428497239\/","article_modified_time":"2022-08-02T21:00:00+00:00","og_image":[{"width":2000,"height":870,"url":"https:\/\/chateaudeberthenonville.fr\/wp-content\/uploads\/2023\/04\/cropped-ChateaudeBerthenonville-Seminaire-01-web-1.jpg","type":"image\/jpeg"}],"schema":{"@context":"https:\/\/schema.org","@graph":[{"@type":"WebPage","@id":"https:\/\/chateaudeberthenonville.fr\/index.php\/la-grande-galerie\/","url":"https:\/\/chateaudeberthenonville.fr\/index.php\/la-grande-galerie\/","name":"Photos | Ch\u00e2teau de Berthenonville","isPartOf":{"@id":"https:\/\/chateaudeberthenonville.fr\/#website"},"datePublished":"2020-09-18T23:36:11+00:00","dateModified":"2022-08-02T21:00:00+00:00","breadcrumb":{"@id":"https:\/\/chateaudeberthenonville.fr\/index.php\/la-grande-galerie\/#breadcrumb"},"inLanguage":"fr-FR","potentialAction":[{"@type":"ReadAction","target":["https:\/\/chateaudeberthenonville.fr\/index.php\/la-grande-galerie\/"]}]},{"@type":"BreadcrumbList","@id":"https:\/\/chateaudeberthenonville.fr\/index.php\/la-grande-galerie\/#breadcrumb","itemListElement":[{"@type":"ListItem","position":1,"name":"Accueil","item":"https:\/\/chateaudeberthenonville.fr\/"},{"@type":"ListItem","position":2,"name":"Photos"}]},{"@type":"WebSite","@id":"https:\/\/chateaudeberthenonville.fr\/#website","url":"https:\/\/chateaudeberthenonville.fr\/","name":"Ch\u00e2teau de Berthenonville","description":"Une demeure familiale en Normandie","publisher":{"@id":"https:\/\/chateaudeberthenonville.fr\/#organization"},"potentialAction":[{"@type":"SearchAction","target":{"@type":"EntryPoint","urlTemplate":"https:\/\/chateaudeberthenonville.fr\/?s={search_term_string}"},"query-input":{"@type":"PropertyValueSpecification","valueRequired":true,"valueName":"search_term_string"}}],"inLanguage":"fr-FR"},{"@type":"Organization","@id":"https:\/\/chateaudeberthenonville.fr\/#organization","name":"Ch\u00e2teau de Berthenonville","url":"https:\/\/chateaudeberthenonville.fr\/","logo":{"@type":"ImageObject","inLanguage":"fr-FR","@id":"https:\/\/chateaudeberthenonville.fr\/#\/schema\/logo\/image\/","url":"https:\/\/chateaudeberthenonville.fr\/wp-content\/uploads\/2025\/06\/cropped-chateau-de-b-logo-1.png","contentUrl":"https:\/\/chateaudeberthenonville.fr\/wp-content\/uploads\/2025\/06\/cropped-chateau-de-b-logo-1.png","width":512,"height":512,"caption":"Ch\u00e2teau de Berthenonville"},"image":{"@id":"https:\/\/chateaudeberthenonville.fr\/#\/schema\/logo\/image\/"},"sameAs":["https:\/\/www.facebook.com\/Ch\u00e2teau-de-Berthenonville-102554428497239\/","https:\/\/www.instagram.com\/chateau_de_berthenonville_\/"]}]}},"_links":{"self":[{"href":"https:\/\/chateaudeberthenonville.fr\/index.php\/wp-json\/wp\/v2\/pages\/96","targetHints":{"allow":["GET"]}}],"collection":[{"href":"https:\/\/chateaudeberthenonville.fr\/index.php\/wp-json\/wp\/v2\/pages"}],"about":[{"href":"https:\/\/chateaudeberthenonville.fr\/index.php\/wp-json\/wp\/v2\/types\/page"}],"author":[{"embeddable":true,"href":"https:\/\/chateaudeberthenonville.fr\/index.php\/wp-json\/wp\/v2\/users\/1"}],"replies":[{"embeddable":true,"href":"https:\/\/chateaudeberthenonville.fr\/index.php\/wp-json\/wp\/v2\/comments?post=96"}],"version-history":[{"count":16,"href":"https:\/\/chateaudeberthenonville.fr\/index.php\/wp-json\/wp\/v2\/pages\/96\/revisions"}],"predecessor-version":[{"id":807,"href":"https:\/\/chateaudeberthenonville.fr\/index.php\/wp-json\/wp\/v2\/pages\/96\/revisions\/807"}],"wp:attachment":[{"href":"https:\/\/chateaudeberthenonville.fr\/index.php\/wp-json\/wp\/v2\/media?parent=96"}],"curies":[{"name":"wp","href":"https:\/\/api.w.org\/{rel}","templated":true}]}}